{"id":2996,"date":"2026-04-18T11:06:59","date_gmt":"2026-04-18T09:06:59","guid":{"rendered":"http:\/\/emiliekern-danse.fr\/site\/?page_id=2996"},"modified":"2026-04-18T12:03:24","modified_gmt":"2026-04-18T10:03:24","slug":"accueil","status":"publish","type":"page","link":"https:\/\/emiliekern-danse.fr\/site\/index.php\/accueil\/","title":{"rendered":"Accueil"},"content":{"rendered":"[vc_row full_width=\u00a0\u00bbstretch_row\u00a0\u00bb gap=\u00a0\u00bb10&Prime; content_placement=\u00a0\u00bbmiddle\u00a0\u00bb curly_padding=\u00a0\u00bbcontent-padding-lg\u00a0\u00bb curly_parallax_parent=\u00a0\u00bbtrue\u00a0\u00bb el_class=\u00a0\u00bbparallax-visible\u00a0\u00bb curly_section_title=\u00a0\u00bbCentre Emilie Kern\u00a0\u00bb css=\u00a0\u00bb.vc_custom_1591886579377{padding-top: 15px !important;padding-right: 15px !important;padding-bottom: 15px !important;padding-left: 15px !important;background-color: #ffffff !important;}\u00a0\u00bb][vc_column width=\u00a0\u00bb1\/2&Prime; offset=\u00a0\u00bbvc_col-lg-offset-1&Prime; curly_parallax_parent=\u00a0\u00bbtrue\u00a0\u00bb][vc_column_text]\n<h2 class=\"special-title\" style=\"text-align: left;\"><em>Centre de Danse<\/em><strong>Emilie Kern<\/strong><\/h2>\n<h2 class=\"special-title\"><small>Cours de danse pour enfant &amp; adulte<\/small><\/h2>\n[\/vc_column_text][vc_empty_space height=\u00a0\u00bb2rem\u00a0\u00bb][vc_column_text]\n<h2><strong>INSCRIPTIONS 2026-2027 OUVERTES !!\u00a0<\/strong><\/h2>\n<p>&nbsp;<\/p>\n<p>Depuis plus de 15 ans, situ\u00e9 en <strong>PLEIN CENTRE VILLE<\/strong> de Grenoble, <strong>le CENTRE DE DANSE E.K<\/strong> \u00a0propose des cours de Technique Horton, Jazz, Floorwork, Classique, Contemporain, Hip Hop-Breaking, Eveil &amp; Initiation, Barre \u00e0 terre et Pilates. Un planning diversifi\u00e9 et une ambiance <strong>bienveillante<\/strong>.<\/p>\n<p>Les dimensions artistique, technique et physique de la Danse, sont abord\u00e9es au travers d\u2019un enseignement p\u00e9dagogique de qualit\u00e9 : <strong>PLACES LIMIT\u00c9ES DANS LES COURS pour un suivi personnalis\u00e9 et une progression solide<\/strong>. Forte de son exp\u00e9rience et de sa notori\u00e9t\u00e9 locale, notre \u00e9cole de danse a accompagn\u00e9 des centaines d&rsquo;\u00e9l\u00e8ves dans leur apprentissage de la Danse dont certains ont pu poursuivre un parcours dans <strong>le milieu professionnel\u00a0<\/strong>de la Danse.<\/p>\n<p><strong>En partenariat avec la Maison de la Culture (MC2)<\/strong>, nous offrons aux \u00e9l\u00e8ves des opportunit\u00e9s artistiques enrichissantes et une v\u00e9ritable ouverture sur le monde culturel. Actions culturelles.<\/p>\n<p><strong>NOUVELLE SAISON&#8230;NOUVELLES VIBES AVEC LES INTERVENANTS \u00ab\u00a0NEXTAPE\u00a0\u00bb, au coeur de la sc\u00e8ne Hip-Hop, pour le Breaking ! Ouverture d&rsquo;un COURS de FLOORWORK avec \u00c9L\u00c9A GUILLOTEAU !!<\/strong><\/p>\n<p><strong>DANSE CLASSIQUE<\/strong>\u00a0: <strong>Pr\u00e9paration \u00e0 l\u2019 E.A.T classique et aux auditions, classes Chad et \u00e9coles sup\u00e9rieures.<\/strong><\/p>\n<p>Un espace d\u00e9di\u00e9 \u00e0 la Danse et l&rsquo;Artistique.[\/vc_column_text][vc_column_text][su_button url=\u00a0\u00bbhttp:\/\/emiliekern-danse.fr\/site\/index.php\/planning\/\u00a0\u00bb style=\u00a0\u00bbflat\u00a0\u00bb background=\u00a0\u00bb#dad4ca\u00a0\u00bb size=\u00a0\u00bb6&Prime; radius=\u00a0\u00bb5&Prime; icon=\u00a0\u00bbicon: pencil-square-o\u00a0\u00bb]Consulter le planning[\/su_button][\/vc_column_text][\/vc_column][vc_column parallax=\u00a0\u00bbcontent-moving-fade\u00a0\u00bb parallax_image=\u00a0\u00bb2295&Prime; width=\u00a0\u00bb1\/2&Prime; curly_bg_parallax=\u00a0\u00bbtrue\u00a0\u00bb offset=\u00a0\u00bbvc_col-lg-5 vc_col-md-offset-0&Prime; curly_parallax_parent=\u00a0\u00bbtrue\u00a0\u00bb][vc_single_image image=\u00a0\u00bb2426&Prime; img_size=\u00a0\u00bbfull\u00a0\u00bb style=\u00a0\u00bbvc_box_circle_2&Prime; css_animation=\u00a0\u00bbfadeIn\u00a0\u00bb][\/vc_column][\/vc_row][vc_row full_width=\u00a0\u00bbstretch_row\u00a0\u00bb content_placement=\u00a0\u00bbmiddle\u00a0\u00bb curly_bg_repeat=\u00a0\u00bbbg-no-repeat\u00a0\u00bb curly_bg_position=\u00a0\u00bbbg-pos-center-top\u00a0\u00bb curly_padding=\u00a0\u00bbcontent-padding-none\u00a0\u00bb curly_parallax_parent=\u00a0\u00bbtrue\u00a0\u00bb curly_section_title=\u00a0\u00bbNos Stages\u00a0\u00bb css=\u00a0\u00bb.vc_custom_1592213533331{background-image: url(https:\/\/emiliekern-danse.fr\/site\/wp-content\/uploads\/2020\/06\/photo-valence2-scaled.jpg?id=2711) !important;background-position: center !important;background-repeat: no-repeat !important;background-size: cover !important;}\u00a0\u00bb el_class=\u00a0\u00bbtest\u00a0\u00bb][vc_column width=\u00a0\u00bb1\/4&Prime; curly_padding=\u00a0\u00bbcontent-padding-lg\u00a0\u00bb offset=\u00a0\u00bbvc_col-lg-5 vc_col-md-4 vc_col-xs-12&Prime; curly_parallax_parent=\u00a0\u00bbtrue\u00a0\u00bb][\/vc_column][vc_column width=\u00a0\u00bb1\/2&Prime; offset=\u00a0\u00bbvc_col-md-7 vc_col-xs-12&Prime; curly_parallax_parent=\u00a0\u00bb\u00a0\u00bb curly_parallax_offset=\u00a0\u00bb\u00a0\u00bb][vc_column_text css_animation=\u00a0\u00bbfadeInDown\u00a0\u00bb css=\u00a0\u00bb.vc_custom_1592320400111{padding-top: 4rem !important;padding-right: 4rem !important;padding-bottom: 4rem !important;padding-left: 4rem !important;background-color: #ffffff !important;}\u00a0\u00bb]\n<h2>NOS STAGES<\/h2>\n<p>Le centre propose durant toute l&rsquo;ann\u00e9e des stages de toutes disciplines avec notre \u00e9quipe p\u00e9dagogique ainsi que diff\u00e9rents intervenants.<\/p>\n[su_button url=\u00a0\u00bbhttp:\/\/emiliekern-danse.fr\/site\/index.php\/studio\/stages\/\u00a0\u00bb style=\u00a0\u00bbflat\u00a0\u00bb background=\u00a0\u00bb#dad4ca\u00a0\u00bb size=\u00a0\u00bb6&Prime; radius=\u00a0\u00bb5&Prime; icon=\u00a0\u00bbicon: pencil-square-o\u00a0\u00bb]Voir nos stages[\/su_button][\/vc_column_text][\/vc_column][\/vc_row][vc_row full_width=\u00a0\u00bbstretch_row\u00a0\u00bb content_placement=\u00a0\u00bbmiddle\u00a0\u00bb curly_bg_repeat=\u00a0\u00bbbg-no-repeat\u00a0\u00bb curly_bg_position=\u00a0\u00bbbg-pos-center-top\u00a0\u00bb curly_padding=\u00a0\u00bbcontent-padding-none\u00a0\u00bb curly_parallax_parent=\u00a0\u00bbtrue\u00a0\u00bb curly_section_title=\u00a0\u00bbNos Spectacles\u00a0\u00bb css=\u00a0\u00bb.vc_custom_1591892176243{background-position: center !important;background-repeat: no-repeat !important;background-size: cover !important;}\u00a0\u00bb el_class=\u00a0\u00bbtest\u00a0\u00bb][vc_column width=\u00a0\u00bb1\/2&Prime; offset=\u00a0\u00bbvc_col-md-7 vc_col-xs-12&Prime; curly_parallax_parent=\u00a0\u00bb\u00a0\u00bb curly_parallax_offset=\u00a0\u00bb\u00a0\u00bb][vc_single_image image=\u00a0\u00bb2738&Prime; img_size=\u00a0\u00bbfull\u00a0\u00bb style=\u00a0\u00bbvc_box_circle_2&Prime;][\/vc_column][vc_column width=\u00a0\u00bb1\/2&Prime; curly_padding=\u00a0\u00bbcontent-padding-lg\u00a0\u00bb offset=\u00a0\u00bbvc_col-lg-5 vc_col-md-4 vc_col-xs-12&Prime; curly_parallax_parent=\u00a0\u00bbtrue\u00a0\u00bb][vc_column_text css_animation=\u00a0\u00bbfadeInDown\u00a0\u00bb css=\u00a0\u00bb.vc_custom_1592320349731{padding-top: 4rem !important;padding-right: 4rem !important;padding-bottom: 4rem !important;padding-left: 4rem !important;background-color: #ffffff !important;}\u00a0\u00bb]\n<h2>NOS SPECTACLES<\/h2>\n<p>Le centre renouvelle cette ann\u00e9e son partenariat avec la MC2 pour une s\u00e9lection de spectacles propos\u00e9s \u00e0 tous ses adh\u00e9rents.<\/p>\n[su_button url=\u00a0\u00bbhttp:\/\/emiliekern-danse.fr\/site\/index.php\/mc2-repetto\/\u00a0\u00bb style=\u00a0\u00bbflat\u00a0\u00bb background=\u00a0\u00bb#dad4ca\u00a0\u00bb size=\u00a0\u00bb6&Prime; radius=\u00a0\u00bb5&Prime; icon=\u00a0\u00bbicon: pencil-square-o\u00a0\u00bb]Voir nos spectacles[\/su_button][\/vc_column_text][\/vc_column][\/vc_row]\n","protected":false},"excerpt":{"rendered":"<p>[vc_row full_width=\u00a0\u00bbstretch_row\u00a0\u00bb gap=\u00a0\u00bb10&Prime; content_placement=\u00a0\u00bbmiddle\u00a0\u00bb curly_padding=\u00a0\u00bbcontent-padding-lg\u00a0\u00bb curly_parallax_parent=\u00a0\u00bbtrue\u00a0\u00bb el_class=\u00a0\u00bbparallax-visible\u00a0\u00bb curly_section_title=\u00a0\u00bbCentre Emilie Kern\u00a0\u00bb css=\u00a0\u00bb.vc_custom_1591886579377{padding-top: 15px !important;padding-right: 15px !important;padding-bottom: 15px !important;padding-left: 15px !important;background-color: #ffffff !important;}\u00a0\u00bb][vc_column width=\u00a0\u00bb1\/2&Prime; offset=\u00a0\u00bbvc_col-lg-offset-1&Prime; curly_parallax_parent=\u00a0\u00bbtrue\u00a0\u00bb][vc_column_text] Centre de DanseEmilie Kern Cours de danse pour enfant &amp; adulte [\/vc_column_text][vc_empty_space height=\u00a0\u00bb2rem\u00a0\u00bb][vc_column_text] INSCRIPTIONS 2026-2027 OUVERTES !!\u00a0 &nbsp; Depuis plus de 15 ans, situ\u00e9 en PLEIN CENTRE VILLE de Grenoble, le CENTRE DE DANSE E.K \u00a0propose [&hellip;]<\/p>\n","protected":false},"author":1,"featured_media":0,"parent":0,"menu_order":0,"comment_status":"closed","ping_status":"closed","template":"","meta":{"_themeisle_gutenberg_block_has_review":false,"footnotes":""},"class_list":["post-2996","page","type-page","status-publish","hentry"],"yoast_head":"<!-- This site is optimized with the Yoast SEO plugin v25.6 - https:\/\/yoast.com\/wordpress\/plugins\/seo\/ -->\n<title>CENTRE DE DANSE EMILIE KERN<\/title>\n<meta name=\"description\" content=\"Situ\u00e9 au coeur de Grenoble, le Centre de Danse Emilie Kern propose des cours de Jazz, Classique, Technique Horton, Hip Hop, Breakdance, Eveil &amp; initiation, Barre \u00e0 terre et Pilates.Les dimensions artistique, technique et physique de la Danse, sont abord\u00e9es au travers d\u2019un enseignement p\u00e9dagogique de qualit\u00e9Nombre d\u2019\u00e9l\u00e8ves limit\u00e9 dans nos cours.\" \/>\n<meta name=\"robots\" content=\"index, follow, max-snippet:-1, max-image-preview:large, max-video-preview:-1\" \/>\n<link rel=\"canonical\" href=\"https:\/\/emiliekern-danse.fr\/site\/index.php\/accueil\/\" \/>\n<meta property=\"og:locale\" content=\"fr_FR\" \/>\n<meta property=\"og:type\" content=\"article\" \/>\n<meta property=\"og:title\" content=\"CENTRE DE DANSE EMILIE KERN\" \/>\n<meta property=\"og:description\" content=\"Situ\u00e9 au coeur de Grenoble, le Centre de Danse Emilie Kern propose des cours de Jazz, Classique, Technique Horton, Hip Hop, Breakdance, Eveil &amp; initiation, Barre \u00e0 terre et Pilates.Les dimensions artistique, technique et physique de la Danse, sont abord\u00e9es au travers d\u2019un enseignement p\u00e9dagogique de qualit\u00e9Nombre d\u2019\u00e9l\u00e8ves limit\u00e9 dans nos cours.\" \/>\n<meta property=\"og:url\" content=\"https:\/\/emiliekern-danse.fr\/site\/index.php\/accueil\/\" \/>\n<meta property=\"og:site_name\" content=\"Emilie Kern\" \/>\n<meta property=\"article:publisher\" content=\"https:\/\/www.facebook.com\/centredanseEK\/\" \/>\n<meta property=\"article:modified_time\" content=\"2026-04-18T10:03:24+00:00\" \/>\n<meta name=\"twitter:card\" content=\"summary_large_image\" \/>\n<meta name=\"twitter:label1\" content=\"Dur\u00e9e de lecture estim\u00e9e\" \/>\n\t<meta name=\"twitter:data1\" content=\"3 minutes\" \/>\n<script type=\"application\/ld+json\" class=\"yoast-schema-graph\">{\"@context\":\"https:\/\/schema.org\",\"@graph\":[{\"@type\":\"WebPage\",\"@id\":\"https:\/\/emiliekern-danse.fr\/site\/index.php\/accueil\/\",\"url\":\"https:\/\/emiliekern-danse.fr\/site\/index.php\/accueil\/\",\"name\":\"CENTRE DE DANSE EMILIE KERN\",\"isPartOf\":{\"@id\":\"https:\/\/emiliekern-danse.fr\/site\/#website\"},\"datePublished\":\"2026-04-18T09:06:59+00:00\",\"dateModified\":\"2026-04-18T10:03:24+00:00\",\"description\":\"Situ\u00e9 au coeur de Grenoble, le Centre de Danse Emilie Kern propose des cours de Jazz, Classique, Technique Horton, Hip Hop, Breakdance, Eveil & initiation, Barre \u00e0 terre et Pilates.Les dimensions artistique, technique et physique de la Danse, sont abord\u00e9es au travers d\u2019un enseignement p\u00e9dagogique de qualit\u00e9Nombre d\u2019\u00e9l\u00e8ves limit\u00e9 dans nos cours.\",\"breadcrumb\":{\"@id\":\"https:\/\/emiliekern-danse.fr\/site\/index.php\/accueil\/#breadcrumb\"},\"inLanguage\":\"fr-FR\",\"potentialAction\":[{\"@type\":\"ReadAction\",\"target\":[\"https:\/\/emiliekern-danse.fr\/site\/index.php\/accueil\/\"]}]},{\"@type\":\"BreadcrumbList\",\"@id\":\"https:\/\/emiliekern-danse.fr\/site\/index.php\/accueil\/#breadcrumb\",\"itemListElement\":[{\"@type\":\"ListItem\",\"position\":1,\"name\":\"Accueil\",\"item\":\"https:\/\/emiliekern-danse.fr\/site\/\"},{\"@type\":\"ListItem\",\"position\":2,\"name\":\"Accueil\"}]},{\"@type\":\"WebSite\",\"@id\":\"https:\/\/emiliekern-danse.fr\/site\/#website\",\"url\":\"https:\/\/emiliekern-danse.fr\/site\/\",\"name\":\"Emilie Kern\",\"description\":\"\",\"potentialAction\":[{\"@type\":\"SearchAction\",\"target\":{\"@type\":\"EntryPoint\",\"urlTemplate\":\"https:\/\/emiliekern-danse.fr\/site\/?s={search_term_string}\"},\"query-input\":{\"@type\":\"PropertyValueSpecification\",\"valueRequired\":true,\"valueName\":\"search_term_string\"}}],\"inLanguage\":\"fr-FR\"}]}<\/script>\n<!-- \/ Yoast SEO plugin. -->","yoast_head_json":{"title":"CENTRE DE DANSE EMILIE KERN","description":"Situ\u00e9 au coeur de Grenoble, le Centre de Danse Emilie Kern propose des cours de Jazz, Classique, Technique Horton, Hip Hop, Breakdance, Eveil & initiation, Barre \u00e0 terre et Pilates.Les dimensions artistique, technique et physique de la Danse, sont abord\u00e9es au travers d\u2019un enseignement p\u00e9dagogique de qualit\u00e9Nombre d\u2019\u00e9l\u00e8ves limit\u00e9 dans nos cours.","robots":{"index":"index","follow":"follow","max-snippet":"max-snippet:-1","max-image-preview":"max-image-preview:large","max-video-preview":"max-video-preview:-1"},"canonical":"https:\/\/emiliekern-danse.fr\/site\/index.php\/accueil\/","og_locale":"fr_FR","og_type":"article","og_title":"CENTRE DE DANSE EMILIE KERN","og_description":"Situ\u00e9 au coeur de Grenoble, le Centre de Danse Emilie Kern propose des cours de Jazz, Classique, Technique Horton, Hip Hop, Breakdance, Eveil & initiation, Barre \u00e0 terre et Pilates.Les dimensions artistique, technique et physique de la Danse, sont abord\u00e9es au travers d\u2019un enseignement p\u00e9dagogique de qualit\u00e9Nombre d\u2019\u00e9l\u00e8ves limit\u00e9 dans nos cours.","og_url":"https:\/\/emiliekern-danse.fr\/site\/index.php\/accueil\/","og_site_name":"Emilie Kern","article_publisher":"https:\/\/www.facebook.com\/centredanseEK\/","article_modified_time":"2026-04-18T10:03:24+00:00","twitter_card":"summary_large_image","twitter_misc":{"Dur\u00e9e de lecture estim\u00e9e":"3 minutes"},"schema":{"@context":"https:\/\/schema.org","@graph":[{"@type":"WebPage","@id":"https:\/\/emiliekern-danse.fr\/site\/index.php\/accueil\/","url":"https:\/\/emiliekern-danse.fr\/site\/index.php\/accueil\/","name":"CENTRE DE DANSE EMILIE KERN","isPartOf":{"@id":"https:\/\/emiliekern-danse.fr\/site\/#website"},"datePublished":"2026-04-18T09:06:59+00:00","dateModified":"2026-04-18T10:03:24+00:00","description":"Situ\u00e9 au coeur de Grenoble, le Centre de Danse Emilie Kern propose des cours de Jazz, Classique, Technique Horton, Hip Hop, Breakdance, Eveil & initiation, Barre \u00e0 terre et Pilates.Les dimensions artistique, technique et physique de la Danse, sont abord\u00e9es au travers d\u2019un enseignement p\u00e9dagogique de qualit\u00e9Nombre d\u2019\u00e9l\u00e8ves limit\u00e9 dans nos cours.","breadcrumb":{"@id":"https:\/\/emiliekern-danse.fr\/site\/index.php\/accueil\/#breadcrumb"},"inLanguage":"fr-FR","potentialAction":[{"@type":"ReadAction","target":["https:\/\/emiliekern-danse.fr\/site\/index.php\/accueil\/"]}]},{"@type":"BreadcrumbList","@id":"https:\/\/emiliekern-danse.fr\/site\/index.php\/accueil\/#breadcrumb","itemListElement":[{"@type":"ListItem","position":1,"name":"Accueil","item":"https:\/\/emiliekern-danse.fr\/site\/"},{"@type":"ListItem","position":2,"name":"Accueil"}]},{"@type":"WebSite","@id":"https:\/\/emiliekern-danse.fr\/site\/#website","url":"https:\/\/emiliekern-danse.fr\/site\/","name":"Emilie Kern","description":"","potentialAction":[{"@type":"SearchAction","target":{"@type":"EntryPoint","urlTemplate":"https:\/\/emiliekern-danse.fr\/site\/?s={search_term_string}"},"query-input":{"@type":"PropertyValueSpecification","valueRequired":true,"valueName":"search_term_string"}}],"inLanguage":"fr-FR"}]}},"_links":{"self":[{"href":"https:\/\/emiliekern-danse.fr\/site\/index.php\/wp-json\/wp\/v2\/pages\/2996"}],"collection":[{"href":"https:\/\/emiliekern-danse.fr\/site\/index.php\/wp-json\/wp\/v2\/pages"}],"about":[{"href":"https:\/\/emiliekern-danse.fr\/site\/index.php\/wp-json\/wp\/v2\/types\/page"}],"author":[{"embeddable":true,"href":"https:\/\/emiliekern-danse.fr\/site\/index.php\/wp-json\/wp\/v2\/users\/1"}],"replies":[{"embeddable":true,"href":"https:\/\/emiliekern-danse.fr\/site\/index.php\/wp-json\/wp\/v2\/comments?post=2996"}],"version-history":[{"count":9,"href":"https:\/\/emiliekern-danse.fr\/site\/index.php\/wp-json\/wp\/v2\/pages\/2996\/revisions"}],"predecessor-version":[{"id":3856,"href":"https:\/\/emiliekern-danse.fr\/site\/index.php\/wp-json\/wp\/v2\/pages\/2996\/revisions\/3856"}],"wp:attachment":[{"href":"https:\/\/emiliekern-danse.fr\/site\/index.php\/wp-json\/wp\/v2\/media?parent=2996"}],"curies":[{"name":"wp","href":"https:\/\/api.w.org\/{rel}","templated":true}]}}